{"id":2792,"date":"2024-07-17T10:22:27","date_gmt":"2024-07-17T14:22:27","guid":{"rendered":"https:\/\/contatica.agencialofty.com.br\/dp-duvidas-frequentes-copy\/"},"modified":"2024-07-19T10:09:27","modified_gmt":"2024-07-19T14:09:27","slug":"bussines-growth","status":"publish","type":"page","link":"https:\/\/contatica.com.br\/portal\/bussines-growth\/","title":{"rendered":"Bussines Growth"},"content":{"rendered":"\t\t<div data-elementor-type=\"wp-page\" data-elementor-id=\"2792\" class=\"elementor elementor-2792\" data-elementor-post-type=\"page\">\n\t\t\t\t<div class=\"elementor-element elementor-element-ef061b0 e-flex e-con-boxed e-con e-parent\" data-id=\"ef061b0\" data-element_type=\"container\" data-e-type=\"container\" data-settings=\"{&quot;background_background&quot;:&quot;video&quot;,&quot;background_video_link&quot;:&quot;https:\\\/\\\/youtu.be\\\/FPMpWofVyGU&quot;,&quot;background_play_on_mobile&quot;:&quot;yes&quot;,&quot;background_privacy_mode&quot;:&quot;yes&quot;}\">\n\t\t\t\t\t<div class=\"e-con-inner\">\n\t\t<div class=\"elementor-background-video-container\">\n\t\t\t\t\t\t\t<div class=\"elementor-background-video-embed\" role=\"presentation\"><\/div>\n\t\t\t\t\t\t<\/div><div class=\"elementor-element elementor-element-2959d41 e-flex e-con-boxed e-con e-child\" data-id=\"2959d41\" data-element_type=\"container\" data-e-type=\"container\">\n\t\t\t\t\t<div class=\"e-con-inner\">\n\t\t\t\t<div class=\"elementor-element elementor-element-f27ebad elementor-widget__width-initial elementor-widget elementor-widget-heading\" data-id=\"f27ebad\" data-element_type=\"widget\" data-e-type=\"widget\" data-widget_type=\"heading.default\">\n\t\t\t\t<div class=\"elementor-widget-container\">\n\t\t\t\t\t<h2 class=\"elementor-heading-title elementor-size-default\">Bussines Growth<\/h2>\t\t\t\t<\/div>\n\t\t\t\t<\/div>\n\t\t\t\t\t<\/div>\n\t\t\t\t<\/div>\n\t\t\t\t\t<\/div>\n\t\t\t\t<\/div>\n\t\t<div class=\"elementor-element elementor-element-05e3b33 e-flex e-con-boxed e-con e-parent\" data-id=\"05e3b33\" data-element_type=\"container\" data-e-type=\"container\">\n\t\t\t\t\t<div class=\"e-con-inner\">\n\t\t\t\t<div class=\"elementor-element elementor-element-c4bd634 elementor-widget__width-inherit animated-slow elementor-invisible elementor-widget elementor-widget-text-editor\" data-id=\"c4bd634\" data-element_type=\"widget\" data-e-type=\"widget\" data-settings=\"{&quot;_animation&quot;:&quot;fadeInUp&quot;}\" data-widget_type=\"text-editor.default\">\n\t\t\t\t<div class=\"elementor-widget-container\">\n\t\t\t\t\t\t\t\t\t<h4><b>Seu Parceiro para o Crescimento Sustent\u00e1vel dos Neg\u00f3cios<\/b><\/h4><p><span style=\"font-weight: 400;\">Na Cont\u00e1tica, acreditamos que o sucesso dos nossos clientes \u00e9 a nossa maior conquista. \u00c9 por isso que nos dedicamos a apoiar e impulsionar o crescimento de neg\u00f3cios, empreendedores, startups e m\u00e9dias empresas. Com um suporte abrangente nas \u00e1reas fiscal, tribut\u00e1ria e de gest\u00e3o de pessoas, estamos aqui para garantir que cada cliente tenha as ferramentas e o conhecimento necess\u00e1rio para prosperar.<\/span><\/p><p>\u00a0<\/p><h4><b>Suporte Fiscal e Tribut\u00e1rio Especializado<\/b><\/h4><p><span style=\"font-weight: 400;\">A complexidade do ambiente fiscal e tribut\u00e1rio pode ser um desafio significativo para qualquer neg\u00f3cio. Na Cont\u00e1tica, oferecemos um suporte especializado para garantir que voc\u00ea esteja sempre em conformidade com as regulamenta\u00e7\u00f5es, minimizando riscos e maximizando oportunidades. Nossos servi\u00e7os incluem planejamento tribut\u00e1rio estrat\u00e9gico, assessoria cont\u00ednua e a otimiza\u00e7\u00e3o da carga tribut\u00e1ria, permitindo que voc\u00ea direcione seus recursos para o crescimento e a inova\u00e7\u00e3o.<\/span><\/p><p>\u00a0<\/p><h4><b>Incentivando o Crescimento de Empreendedores e Startups<\/b><\/h4><p><span style=\"font-weight: 400;\">Para empreendedores e startups, o caminho para o sucesso \u00e9 repleto de desafios \u00fanicos. Compreendemos essas dificuldades e estamos aqui para oferecer o suporte necess\u00e1rio em cada etapa do seu neg\u00f3cio. Desde a cria\u00e7\u00e3o do CNPJ at\u00e9 a gest\u00e3o cont\u00e1bil avan\u00e7ada, fornecemos orienta\u00e7\u00e3o pr\u00e1tica e estrat\u00e9gica para ajudar voc\u00ea a tomar decis\u00f5es seguras e crescer de maneira sustent\u00e1vel.<\/span><\/p><p>\u00a0<\/p><h4><b>Impulsionando M\u00e9dias Empresas<\/b><\/h4><p><span style=\"font-weight: 400;\">Para m\u00e9dias empresas, nosso foco est\u00e1 em fornecer um suporte robusto e estrat\u00e9gico que permita a expans\u00e3o cont\u00ednua e eficiente. Oferecemos solu\u00e7\u00f5es personalizadas que incluem a gest\u00e3o cont\u00e1bil integrada, auditorias detalhadas e consultoria fiscal. Nossa equipe trabalha de perto com voc\u00ea para identificar oportunidades de crescimento, melhorar a efici\u00eancia operacional e garantir que sua empresa esteja preparada para enfrentar novos desafios e aproveitar oportunidades de mercado.<\/span><\/p><p>\u00a0<\/p><h4><b>Gest\u00e3o de Pessoas e Desenvolvimento Organizacional<\/b><\/h4><p><span style=\"font-weight: 400;\">Acreditamos que as pessoas s\u00e3o o cora\u00e7\u00e3o de qualquer neg\u00f3cio bem-sucedido. Por isso, oferecemos suporte completo na gest\u00e3o de pessoas, incluindo consultoria em recursos humanos, treinamentos e desenvolvimento organizacional. Nosso objetivo \u00e9 garantir que sua equipe esteja alinhada com os objetivos da empresa, motivada e capacitada para contribuir ativamente para o crescimento do neg\u00f3cio.<\/span><\/p><p>\u00a0<\/p><h4><b>Parceria para a Excel\u00eancia<\/b><\/h4><p><span style=\"font-weight: 400;\"> Na Cont\u00e1tica, nosso compromisso \u00e9 ser mais do que um prestador de servi\u00e7os cont\u00e1beis. Queremos ser seu parceiro estrat\u00e9gico, ajudando a transformar desafios em oportunidades e apoiando seu crescimento cont\u00ednuo. Com nossa expertise, dedica\u00e7\u00e3o e enfoque personalizado, estamos aqui para garantir que cada passo da sua jornada empresarial seja conduzido com confian\u00e7a e sucesso.<\/span><\/p>\t\t\t\t\t\t\t\t<\/div>\n\t\t\t\t<\/div>\n\t\t\t\t\t<\/div>\n\t\t\t\t<\/div>\n\t\t\t\t<\/div>\n\t\t","protected":false},"excerpt":{"rendered":"<p>Bussines Growth Seu Parceiro para o Crescimento Sustent\u00e1vel dos Neg\u00f3cios Na Cont\u00e1tica, acreditamos que o sucesso dos nossos clientes \u00e9 a nossa maior conquista. \u00c9 por isso que nos dedicamos a apoiar e impulsionar o crescimento de neg\u00f3cios, empreendedores, startups e m\u00e9dias empresas. Com um suporte abrangente nas \u00e1reas fiscal, tribut\u00e1ria e de gest\u00e3o de [&hellip;]<\/p>\n","protected":false},"author":10,"featured_media":0,"parent":0,"menu_order":0,"comment_status":"closed","ping_status":"closed","template":"elementor_header_footer","meta":{"_acf_changed":false,"footnotes":""},"class_list":["post-2792","page","type-page","status-publish","hentry"],"acf":[],"_links":{"self":[{"href":"https:\/\/contatica.com.br\/portal\/wp-json\/wp\/v2\/pages\/2792","targetHints":{"allow":["GET"]}}],"collection":[{"href":"https:\/\/contatica.com.br\/portal\/wp-json\/wp\/v2\/pages"}],"about":[{"href":"https:\/\/contatica.com.br\/portal\/wp-json\/wp\/v2\/types\/page"}],"author":[{"embeddable":true,"href":"https:\/\/contatica.com.br\/portal\/wp-json\/wp\/v2\/users\/10"}],"replies":[{"embeddable":true,"href":"https:\/\/contatica.com.br\/portal\/wp-json\/wp\/v2\/comments?post=2792"}],"version-history":[{"count":34,"href":"https:\/\/contatica.com.br\/portal\/wp-json\/wp\/v2\/pages\/2792\/revisions"}],"predecessor-version":[{"id":3135,"href":"https:\/\/contatica.com.br\/portal\/wp-json\/wp\/v2\/pages\/2792\/revisions\/3135"}],"wp:attachment":[{"href":"https:\/\/contatica.com.br\/portal\/wp-json\/wp\/v2\/media?parent=2792"}],"curies":[{"name":"wp","href":"https:\/\/api.w.org\/{rel}","templated":true}]}}